{"id":785,"date":"2012-06-30T15:57:53","date_gmt":"2012-06-30T15:57:53","guid":{"rendered":"http:\/\/www.starline.com.mx\/site?page_id=785"},"modified":"2013-07-19T17:56:57","modified_gmt":"2013-07-19T22:56:57","slug":"que-compresor-necesito","status":"publish","type":"page","link":"https:\/\/www.starline.com.mx\/site\/servicios\/que-compresor-necesito\/","title":{"rendered":"\u00bfQu\u00e9 compresor necesito?"},"content":{"rendered":"<p><img fetchpriority=\"high\" decoding=\"async\" class=\"aligncenter  wp-image-1960\" title=\"que compresor necesito starline\" src=\"www.starline.com.mx\/site\/wp-content\/uploads\/2012\/04\/que-compresor-necesito-starline.png\" alt=\"\" width=\"887\" height=\"150\" srcset=\"https:\/\/www.starline.com.mx\/site\/wp-content\/uploads\/2012\/04\/que-compresor-necesito-starline.png 1388w, https:\/\/www.starline.com.mx\/site\/wp-content\/uploads\/2012\/04\/que-compresor-necesito-starline-600x102.png 600w, https:\/\/www.starline.com.mx\/site\/wp-content\/uploads\/2012\/04\/que-compresor-necesito-starline-300x51.png 300w, https:\/\/www.starline.com.mx\/site\/wp-content\/uploads\/2012\/04\/que-compresor-necesito-starline-1024x174.png 1024w\" sizes=\"(max-width: 887px) 100vw, 887px\" \/><\/p>\n<p style=\"text-align: justify;\"><span style=\"color: #000000;\">Hay mucha confusi\u00f3n cuando nos referimos al asunto de seleccionar un compresor de aire adecuado para hacer funcionar sus herramientas del aire. B\u00e1sicamente, hay varios factores a estudiar al elegir el compresor de aire apropiado para su casa, taller o industria. Antes que nada, tenemos que ser capases de responder las siguientes preguntas, previa la compra de su compresor de aire:<\/span><\/p>\n<p style=\"text-align: justify;\"><strong><span style=\"color: #000000;\">\u00bfPara qu\u00e9 se va a usar el aire?<\/span><\/strong><br \/>\n<span style=\"color: #000000;\">El tipo de trabajo que se este realizando es, probablemente, el factor m\u00e1s importante al momento de seleccionar un compresor. En la actualidad existen compresores dedicados solo para una tarea en espec\u00edfico, como lo es en el caso del aer\u00f3grafo que existen compresores dise\u00f1ados solo para el funcionamiento de un aer\u00f3grafo.<\/span><\/p>\n<p style=\"text-align: justify;\"><strong><span style=\"color: #000000;\">\u00bfD\u00f3nde se va a colocar el compresor?<\/span><\/strong><br \/>\n<span style=\"color: #000000;\">Tenemos que tomar en cuenta donde se colocara nuestro compresor, lo cual lo resumimos en dos posibilidades. La primera es bajo techo, en un ambiente con calefacci\u00f3n para evitar que las l\u00edneas se condensen, al mismo tiempo que se le proporciona la ventilaci\u00f3n suficiente para enfriar el compresor, donde pueden existir temperaturas elevadas. La segunda es al descubierto donde se le debe de proporcionar protecci\u00f3n contra la intemperie y las revisiones para el arranque en climas fr\u00edos.<\/span><br \/>\n<strong><\/strong><\/p>\n<p style=\"text-align: justify;\"><strong><span style=\"color: #000000;\">\u00bfCu\u00e1nta presi\u00f3n PSI (libras\/pulgada2) se necesita?<\/span><\/strong><br \/>\n<span style=\"color: #000000;\">La presi\u00f3n de descarga del compresor PSI debe sobrepasar el requerimiento de las libras\/pulgadas2 de todas las herramientas neum\u00e1ticas o el equipo que se este operando. Com\u00fanmente, la mayor\u00eda de las herramientas neum\u00e1ticas requieren cerca de 90 PSI funcionar correctamente. Sin embargo, es posible que usted necesite trabajar con un compresor de mayor presi\u00f3n. La mayor\u00eda de los compresores de aire que usted encuentra en su minorista gigante local son single-stage (una etapa) y apagan entre 100 y 125 PSI. No se enga\u00f1e usted mismo, usted puede pensar que todo lo que usted necesita son 90 PSI, de modo que decide trabajar con un margen justo a sus necesidades pero generalmente, \u00e9stos compresores apagan a 110 PSI y el consumidor se olvida que tambi\u00e9n debe de tomar en cuenta la p\u00e9rdida de la presi\u00f3n en la l\u00ednea. As\u00ed que con un compresor de una etapa trabajara con aire limitado para una llave de impacto. Puede ser que este compresor sea el ideal para un uso casero pero no para trabajos con herramienta neum\u00e1tica. La mayor\u00eda de los compresores industriales son de doble etapa, que quiere decir que el compresor aumenta la presi\u00f3n en dos etapas. Las estructuras de la primera etapa genera una presi\u00f3n de 90 PSI y las estructuras de la segunda etapa la aumenta a 175 PSI lo cual le permite tener una presi\u00f3n elevada que alimentara su herramienta neum\u00e1tica, con una unidad de mantenimiento previamente instalada<\/span><br \/>\n<strong><\/strong><\/p>\n<p style=\"text-align: justify;\"><strong><span style=\"color: #000000;\">\u00bfCu\u00e1nto flujo de aire se necesita?<\/span><\/strong><br \/>\n<span style=\"color: #000000;\">Los PCM (pies c\u00fabicos por minuto) son la medida del flujo de aire que puede crear el compresor. Los PCM se pueden determinar de dos maneras diferentes; el desplazamiento del pist\u00f3n (DP) o los pies c\u00fabicos por minuto reales (PCMR).\u00a0Tenga siempre en cuenta los PCMR, ya que ellos reflejan la cantidad de aire comprimido usable.<\/span><br \/>\n<strong><\/strong><\/p>\n<p style=\"text-align: justify;\"><strong><span style=\"color: #000000;\">\u00bfCu\u00e1nto caballaje se requiere?<\/span><\/strong><br \/>\n<span style=\"color: #000000;\">El caballaje es directamente proporcional a la especificaci\u00f3n de los PCM del compresor. Mientras mayor es el caballaje, m\u00e1s aire (PCM) puede suministrar el compresor. No conf\u00ede solamente en el caballaje cuando especifique o seleccione un compresor de aire ya que lamentablemente la mayor\u00eda de la gente asume que cuanto m\u00e1s alto son los caballos de fuerza (HP), mejor es el compresor de aire. Sin embargo, todos los grados de caballo de fuerza no fueron hechos iguales y pueden ser falsificados f\u00e1cilmente. Que quiero decir, usted va a su minorista gigante local (supermercados, ferreter\u00edas, etc.) a seleccionar un compresor de aire para trabajar con una llave de impacto y encuentra una unidad marcada como de 5 HP a un precio realmente barato. \u00bfPor qu\u00e9 este compresor marcado como de 5 HP es mucho m\u00e1s barato que otros compresores? \u00bfEl compresor realmente es de 5HP? D\u00e9jeme explicar. Verifique con cuanta electricidad trabaja el equipo. Necesita probablemente alrededor de 15 amperios de un circuito normal de 110 voltios. Entonces a este grado, usted objetivamente esta frente a un compresor de 2 HP. Realmente para producir 5 HP verdaderos, usted necesita por lo menos 24 amperios a partir del circuito de 220 voltios. Entonces con esta diferencia en los equipos las marcas que se encuentran en estas tiendas pueden reducir los costos para la venta de estos productos. No estoy diciendo que cada compresor de aire que encuentre en estas tiendas sea chatarra, sino que ese compresor no es el apropiado para los trabajos que uno necesita.<\/span><\/p>\n<p style=\"text-align: justify;\"><strong><span style=\"color: #000000;\">\u00bfQu\u00e9 tipo y tama\u00f1o de tanque se necesita?<\/span><\/strong><br \/>\n<span style=\"color: #000000;\">El tanque proporciona una reserva de aire para atender a las demandas pico de flujo y presi\u00f3n. Mientras mayor es el receptor, mayor la reserva disponible. Los tanques est\u00e1n disponibles en dise\u00f1o vertical y horizontal. La configuraci\u00f3n depende del espacio de piso disponible. No confunda un tanque grande con m\u00e1s tiempo de trabajo para sus herramientas del aire. Por ejemplo, si usted utiliza su impacto de 1\u201d (cerca de 20 CFM), un tanque grande est\u00e1 muy bien. Sin embargo si usted tiene necesidad del uso continuo para su herramienta, usted necesitar\u00e1 un tanque peque\u00f1o con un motor y un cabezal grande. En ocasiones las personas invierten m\u00e1s dinero pensando que al comprar un compresor con un tanque m\u00e1s grande trabajara mejor siendo que no es necesaria la compra.<\/span><br \/>\n<strong><\/strong><\/p>\n<p style=\"text-align: justify;\"><strong><span style=\"color: #000000;\">\u00bfCu\u00e1les son los requerimientos de electricidad?<\/span><\/strong><br \/>\n<span style=\"color: #000000;\">Identifique el servicio el\u00e9ctrico de entrada antes de especificar un compresor de aire. Obtenga siempre los servicios de un electricista calificado para revisar los requerimientos de electricidad. Si no se trabajara con un compresor el\u00e9ctrico, existe la opci\u00f3n de un compresor con motor de combusti\u00f3n interna.<\/span><\/p>\n<p style=\"text-align: justify;\"><span style=\"color: #000000;\">Usted debe poder seleccionar el compresor de aire con esta informaci\u00f3n. B\u00e1sicamente, usted necesita decidir en \u00faltima instancia para lo que usted va a utilizar la unidad y a escoger el modelo apropiado. Pero recuerde que si necesita asesor\u00eda puede ponerse en contacto con nosotros.<\/span><\/p>\n","protected":false},"excerpt":{"rendered":"<p>Hay mucha confusi\u00f3n cuando nos referimos al asunto de seleccionar un compresor de aire adecuado para hacer funcionar sus herramientas del aire. B\u00e1sicamente, hay varios factores a estudiar al elegir el compresor de aire apropiado para su casa, taller o industria. Antes que nada, tenemos que ser capases de responder las siguientes preguntas, previa la [&hellip;]<\/p>\n","protected":false},"author":1,"featured_media":0,"parent":180,"menu_order":3,"comment_status":"open","ping_status":"open","template":"","meta":{"footnotes":""},"class_list":["post-785","page","type-page","status-publish","hentry"],"_links":{"self":[{"href":"https:\/\/www.starline.com.mx\/site\/wp-json\/wp\/v2\/pages\/785","targetHints":{"allow":["GET"]}}],"collection":[{"href":"https:\/\/www.starline.com.mx\/site\/wp-json\/wp\/v2\/pages"}],"about":[{"href":"https:\/\/www.starline.com.mx\/site\/wp-json\/wp\/v2\/types\/page"}],"author":[{"embeddable":true,"href":"https:\/\/www.starline.com.mx\/site\/wp-json\/wp\/v2\/users\/1"}],"replies":[{"embeddable":true,"href":"https:\/\/www.starline.com.mx\/site\/wp-json\/wp\/v2\/comments?post=785"}],"version-history":[{"count":5,"href":"https:\/\/www.starline.com.mx\/site\/wp-json\/wp\/v2\/pages\/785\/revisions"}],"predecessor-version":[{"id":807,"href":"https:\/\/www.starline.com.mx\/site\/wp-json\/wp\/v2\/pages\/785\/revisions\/807"}],"up":[{"embeddable":true,"href":"https:\/\/www.starline.com.mx\/site\/wp-json\/wp\/v2\/pages\/180"}],"wp:attachment":[{"href":"https:\/\/www.starline.com.mx\/site\/wp-json\/wp\/v2\/media?parent=785"}],"curies":[{"name":"wp","href":"https:\/\/api.w.org\/{rel}","templated":true}]}}