{"id":739,"date":"2012-06-28T22:12:27","date_gmt":"2012-06-28T22:12:27","guid":{"rendered":"http:\/\/www.starline.com.mx\/site?page_id=739"},"modified":"2013-07-19T14:03:03","modified_gmt":"2013-07-19T19:03:03","slug":"mantenimiento","status":"publish","type":"page","link":"https:\/\/www.starline.com.mx\/site\/servicios\/mantenimiento\/","title":{"rendered":"Mantenimiento"},"content":{"rendered":"<p style=\"text-align: justify;\"><img fetchpriority=\"high\" decoding=\"async\" class=\"aligncenter  wp-image-1958\" title=\"mantenimiento starline\" src=\"www.starline.com.mx\/site\/wp-content\/uploads\/2012\/04\/mantenimiento-starline.png\" alt=\"\" width=\"887\" height=\"150\" srcset=\"https:\/\/www.starline.com.mx\/site\/wp-content\/uploads\/2012\/04\/mantenimiento-starline.png 1388w, https:\/\/www.starline.com.mx\/site\/wp-content\/uploads\/2012\/04\/mantenimiento-starline-600x102.png 600w, https:\/\/www.starline.com.mx\/site\/wp-content\/uploads\/2012\/04\/mantenimiento-starline-300x51.png 300w, https:\/\/www.starline.com.mx\/site\/wp-content\/uploads\/2012\/04\/mantenimiento-starline-1024x174.png 1024w\" sizes=\"(max-width: 887px) 100vw, 887px\" \/><\/p>\n<p style=\"text-align: justify;\"><strong>LINEAMIENTOS DE SEGURIDAD<\/strong><\/p>\n<p style=\"text-align: justify;\"><strong>PELIGRO<\/strong> INMINENTE QUE PUEDE OCASIONAR MUERTE O LESIONES GRAVES.<\/p>\n<p style=\"text-align: justify;\" align=\"center\"><strong>\u00a1ATENCION! Nunca utilice extensiones el\u00e9ctricas con este producto.<\/strong><\/p>\n<p style=\"text-align: justify;\"><em>1. PARA REDUCIR EL RIESGO DE INCENDIO O EXPLOSIONES, NUNCA BRISIAR LIQUIDOS INFLAMABLES EN AREAS CERRADAS<\/em>. Es normal que el interruptor de presi\u00f3n produzca chispas mientras est\u00e1 en uso. Si las chispas entran en contacto con vapores de nafta u otros solventes, pueden inflamarse causando incendios o explosiones. Siempre opere el compresor en \u00e1reas ventiladas. No fume mientras pulveriza. No pulverice si hubieran chispas o llamas y mantenga al compresor lo m\u00e1s alejado posible del \u00e1rea de pulverizaci\u00f3n.<\/p>\n<p style=\"text-align: justify;\">2. Los solventes Tricloroetano y Cloruro de Metileno pueden reaccionar qu\u00edmicamente con el aluminio que se utiliza en pistolas pulverizadoras de pintura o bombas de pintura, pudiendo provocar una explosi\u00f3n. Si Ud. est\u00e1 utilizando estos solventes, use \u00fanicamente equipos pulverizadores de acero inoxidable. Esto no afectar\u00e1 a su compresor de aire, pero s\u00ed al equipo que se utiliza.<\/p>\n<p style=\"text-align: justify;\">3. Nunca inhale directamente el aire comprimido producido por el compresor. No es apto para respirar.<\/p>\n<p style=\"text-align: justify;\"><strong>ATENCION<\/strong><\/p>\n<p style=\"text-align: justify;\">PELIGRO POTENCIAL QUE PODRIA OCASIONAR MUERTE O LESIONES GRAVES.<\/p>\n<ol style=\"text-align: justify;\">\n<li>No suelde sobre el tanque de aire de este compresor. Soldar sobre el tanque es extremadamente peligroso y dejar\u00eda sin efecto la garant\u00eda.<\/li>\n<li>Nunca use un compresor de aire el\u00e9ctrico en el exterior cuando llueva o sobre una superficie mojada, dado que podr\u00eda provocar un shock el\u00e9ctrico.<\/li>\n<li>La unidad se inicia autom\u00e1ticamente. SIEMPRE cierre el compresor, desenchufe la toma, extraiga toda la presi\u00f3n que haya quedado en el sistema, cuando el compresor no est\u00e9 en uso.<\/li>\n<li>Controle que la presi\u00f3n no exceda el m\u00e1ximo indicado por el fabricante para dispositivos de aire y accesorios. La salida de presi\u00f3n del compresor se puede regular de manera que nunca exceda el m\u00e1ximo permitido.<\/li>\n<li>Bajo el cobertor se encuentran las especificaciones de temperatura. Tambi\u00e9n est\u00e1n all\u00ed las piezas sueltas. Para evitar quemaduras u otras lesiones, NO OPERE el compresor con el cobertor abierto. Deje que las piezas se enfr\u00eden antes de manipularlas.<\/li>\n<li>Aseg\u00farese de leer todas las indicaciones contenidas en las etiquetas antes de pulverizar pinturas o materiales t\u00f3xicos y siga las instrucciones de seguridad. Use m\u00e1scara de respiraci\u00f3n si existe alguna posibilidad de inhalaci\u00f3n mientras pulveriza. Lea todas las instrucciones y aseg\u00farese que la m\u00e1scara lo proteger\u00e1.<\/li>\n<li>Siempre use gafas protectoras o lentes cuando est\u00e9 operando el compresor de aire. Nunca apunte la boquilla o el pulverizador hacia alguna persona o hacia cualquier parte del cuerpo.<\/li>\n<li>No ajuste el interruptor de presi\u00f3n ni la v\u00e1lvula de descarga dado que estar\u00eda anulando la garant\u00eda. Ya vienen regulados de f\u00e1brica para permitir la m\u00e1xima presi\u00f3n que admite la unidad. Ya que una mala operaci\u00f3n podria probocar una explocion<\/li>\n<li><strong><\/strong>Mantenga las manos, ropa suelta y pelo largo lejos de las partes m\u00f3viles del compresor cuando este se encuentre conectado a la toma el\u00e9ctrica, ya que las podr\u00eda atrapar y causar\u00a0 heridas o lesiones graves.<\/li>\n<\/ol>\n<p style=\"text-align: justify;\"><strong>PRECAUCION\u00a0 Y\u00a0 MANTENIMIENO<\/strong><\/p>\n<p style=\"text-align: justify;\">RIESGO DE HERIDAS LEVES O DA\u00d1OS AL EQUIPO.<\/p>\n<ol style=\"text-align: justify;\">\n<li>Controle y lea cuidadosamente la documentaci\u00f3n t\u00e9cnica y verifique que el compresor est\u00e9 en buenas condiciones.<\/li>\n<li>Drene la humedad del tanque diariamente. Con un tanque limpio y seco se previene la corrosi\u00f3n.<\/li>\n<li>Compruebe diariamente si el nivel de aceite en el compresor es el adecuado para su correcto funcionamiento, Si no lo es, utilice aceite especial para compresor para nivelarlo.<\/li>\n<li>Revise diariamente si hay alg\u00fan ruido o vibraci\u00f3n inusual y si la hay intente darle soluci\u00f3n.<\/li>\n<li>Tire del anillo de la v\u00e1lvula de descarga de presi\u00f3n semanalmente para asegurarse que la misma est\u00e9 funcionando correctamente. Despeje cualquier obstrucci\u00f3n que encuentre.<\/li>\n<li>Si fuera necesario transportar el compresor, aj\u00fastelo bien. Se podr\u00eda liberar presi\u00f3n del tanque durante el traslado.<\/li>\n<li>Proteja la manguera de aire y los cables de electricidad de da\u00f1os o pinchaduras. Inspecci\u00f3nelos semanalmente y si encuentra se\u00f1ales de deterioro o desgaste, reempl\u00e1celos.<\/li>\n<li>Para una adecuada ventilaci\u00f3n de enfriado, se debe mantener al compresor alejado de la pared m\u00e1s pr\u00f3xima (un m\u00ednimo de 12 pulgadas) y en un ambiente bien ventilado.<\/li>\n<li>Limpie semanalmente las partes externas del compresor y el filtro de aire.<\/li>\n<li>Examine mensualmente el sistema de aire en general para saber si existen fugas, esto podr\u00eda reducir el rendimiento de su compresor.<\/li>\n<li>Examine semanalmente el aceite de su compresor para saber si hay contaminaci\u00f3n y cambiarlo si es necesario.<\/li>\n<li>Compruebe si la tenci\u00f3n de la banda es la correcta y que no presente desgastes.<\/li>\n<li>Luego de 300 horas de operaci\u00f3n, quite tap\u00f3n que se encuentra a un costado del cabezal y elimine los restos de aceite viejo. Vuelva a poner el tap\u00f3n y coloque aceite nuevo.<\/li>\n<\/ol>\n<p style=\"text-align: justify;\"><strong>RECOMENDACIONES<\/strong><\/p>\n<p style=\"text-align: justify;\">Los trabajos de comprobaci\u00f3n, ajuste y mantenimiento deben ser realizados siempre por la misma persona o por su sustituto y quedar registrados en un libro de mantenimiento. En caso de consulta, indique siempre el n\u00famero de art\u00edculo, el n\u00famero de serie y la denominaci\u00f3n del compresor.<\/p>\n<p style=\"text-align: justify;\">Tener aire comprimido de buena calidad es importante para asegurar una larga vida \u00fatil de los equipos neum\u00e1ticos y unos \u00f3ptimos resultados en los procesos que requieren dicho servicio, por lo cual se recomienda el uso de la unidad de mantenimiento, esta se compone de un filtro de aire, regulador de precio y un lubricador.<\/p>\n<p style=\"text-align: justify;\">Use siempre refacciones y piezas autorizadas por Starline air compressor, ya que el uso de malos componentes, esto podr\u00eda poner en riesgo el buen funcionamiento de su compresor y podr\u00eda perder su garant\u00eda.<\/p>\n<p style=\"text-align: justify;\"><strong>TABLA DE MANTENIMIENTO<\/strong><\/p>\n<p style=\"text-align: justify;\">Para un mejor control en su compresor se recomienda dejar registro de todo mantenimiento que se le efectu\u00e9 en la siguiente tabla. Deben ser realizados siempre por la misma persona o por su sustituto.<\/p>\n<p><img decoding=\"async\" class=\"aligncenter  wp-image-798\" title=\"tabla\" src=\"www.starline.com.mx\/site\/wp-content\/uploads\/2012\/06\/tabla.jpg\" alt=\"\" width=\"610\" height=\"324\" srcset=\"https:\/\/www.starline.com.mx\/site\/wp-content\/uploads\/2012\/06\/tabla.jpg 1094w, https:\/\/www.starline.com.mx\/site\/wp-content\/uploads\/2012\/06\/tabla-600x319.jpg 600w, https:\/\/www.starline.com.mx\/site\/wp-content\/uploads\/2012\/06\/tabla-300x159.jpg 300w, https:\/\/www.starline.com.mx\/site\/wp-content\/uploads\/2012\/06\/tabla-1024x544.jpg 1024w\" sizes=\"(max-width: 610px) 100vw, 610px\" \/><\/p>\n","protected":false},"excerpt":{"rendered":"<p>LINEAMIENTOS DE SEGURIDAD PELIGRO INMINENTE QUE PUEDE OCASIONAR MUERTE O LESIONES GRAVES. \u00a1ATENCION! Nunca utilice extensiones el\u00e9ctricas con este producto. 1. PARA REDUCIR EL RIESGO DE INCENDIO O EXPLOSIONES, NUNCA BRISIAR LIQUIDOS INFLAMABLES EN AREAS CERRADAS. Es normal que el interruptor de presi\u00f3n produzca chispas mientras est\u00e1 en uso. Si las chispas entran en contacto [&hellip;]<\/p>\n","protected":false},"author":1,"featured_media":0,"parent":180,"menu_order":1,"comment_status":"open","ping_status":"open","template":"","meta":{"footnotes":""},"class_list":["post-739","page","type-page","status-publish","hentry"],"_links":{"self":[{"href":"https:\/\/www.starline.com.mx\/site\/wp-json\/wp\/v2\/pages\/739","targetHints":{"allow":["GET"]}}],"collection":[{"href":"https:\/\/www.starline.com.mx\/site\/wp-json\/wp\/v2\/pages"}],"about":[{"href":"https:\/\/www.starline.com.mx\/site\/wp-json\/wp\/v2\/types\/page"}],"author":[{"embeddable":true,"href":"https:\/\/www.starline.com.mx\/site\/wp-json\/wp\/v2\/users\/1"}],"replies":[{"embeddable":true,"href":"https:\/\/www.starline.com.mx\/site\/wp-json\/wp\/v2\/comments?post=739"}],"version-history":[{"count":6,"href":"https:\/\/www.starline.com.mx\/site\/wp-json\/wp\/v2\/pages\/739\/revisions"}],"predecessor-version":[{"id":742,"href":"https:\/\/www.starline.com.mx\/site\/wp-json\/wp\/v2\/pages\/739\/revisions\/742"}],"up":[{"embeddable":true,"href":"https:\/\/www.starline.com.mx\/site\/wp-json\/wp\/v2\/pages\/180"}],"wp:attachment":[{"href":"https:\/\/www.starline.com.mx\/site\/wp-json\/wp\/v2\/media?parent=739"}],"curies":[{"name":"wp","href":"https:\/\/api.w.org\/{rel}","templated":true}]}}