{"id":631,"date":"2012-05-30T23:10:53","date_gmt":"2012-05-31T04:10:53","guid":{"rendered":"http:\/\/www.starline.com.mx\/site?page_id=631"},"modified":"2017-06-12T17:26:42","modified_gmt":"2017-06-12T22:26:42","slug":"contacto","status":"publish","type":"page","link":"https:\/\/www.starline.com.mx\/site\/contacto\/","title":{"rendered":"Contacto"},"content":{"rendered":"<div id=\"pl-631\"  class=\"panel-layout\" ><div id=\"pg-631-0\"  class=\"panel-grid panel-no-style\" ><div id=\"pgc-631-0-0\"  class=\"panel-grid-cell\" ><div id=\"panel-631-0-0-0\" class=\"so-panel widget widget_sow-hero panel-first-child panel-last-child\" data-index=\"0\" ><div\n\t\t\t\n\t\t\tclass=\"so-widget-sow-hero so-widget-sow-hero-default-0d4324c179f2-631\"\n\t\t\t\n\t\t>\t\t\t\t<div class=\"sow-slider-base\" style=\"display: none\" tabindex=\"0\">\n\t\t\t\t\t<ul\n\t\t\t\t\tclass=\"sow-slider-images\"\n\t\t\t\t\tdata-settings=\"{&quot;pagination&quot;:true,&quot;speed&quot;:800,&quot;timeout&quot;:8000,&quot;paused&quot;:false,&quot;pause_on_hover&quot;:false,&quot;swipe&quot;:true,&quot;nav_always_show_desktop&quot;:&quot;&quot;,&quot;nav_always_show_mobile&quot;:&quot;&quot;,&quot;breakpoint&quot;:&quot;780px&quot;,&quot;unmute&quot;:false,&quot;anchor&quot;:null}\"\n\t\t\t\t\tstyle=\"min-height: 270px\"\t\t\t\t\tdata-anchor-id=\"\"\n\t\t\t\t>\t\t<li class=\"sow-slider-image  sow-slider-image-cover\" style=\"visibility: visible;;background-color: #333333\" >\n\t\t\t\t\t<div class=\"sow-slider-image-container\">\n\t\t\t<div class=\"sow-slider-image-wrapper\">\n\t\t\t\t<div id=\"panel-631-0-0-1\" class=\"so-panel widget widget_black-studio-tinymce widget_black_studio_tinymce\" data-index=\"1\"><div class=\"textwidget\"><h1 style=\"text-align: center\"><span style=\"color: #ffffff\">Contactanos<\/span><\/h1><h3 style=\"text-align: center\"><span class=\"st\" style=\"color: #ffffff\">\u00bf<em>tienes alg\u00fan proyecto en mente?<\/em> o simplemente <em>tienes alguna duda<\/em>, ponte en contacto con nosotros y preg\u00fantanos sin compromiso.<\/span><\/h3><\/div><p>\u00a0<\/p><\/div>\t\t\t<\/div>\n\t\t<\/div>\n\t\t<div class=\"sow-slider-image-overlay sow-slider-image-cover\" style=\"opacity: 0.8;background-image: url(https:\/\/www.starline.com.mx\/site\/wp-content\/uploads\/contacto-starline.png)\"  ><\/div>\t\t<\/li>\n\t\t<\/ul>\t\t\t\t<ol class=\"sow-slider-pagination\">\n\t\t\t\t\t\t\t\t\t\t\t<li><a href=\"#\" data-goto=\"0\" aria-label=\"Display slide 1\"><\/a><\/li>\n\t\t\t\t\t\t\t\t\t<\/ol>\n\n\t\t\t\t<div class=\"sow-slide-nav sow-slide-nav-next\">\n\t\t\t\t\t<a href=\"#\" data-goto=\"next\" aria-label=\"Next slide\" data-action=\"next\">\n\t\t\t\t\t\t<em class=\"sow-sld-icon-thin-right\"><\/em>\n\t\t\t\t\t<\/a>\n\t\t\t\t<\/div>\n\n\t\t\t\t<div class=\"sow-slide-nav sow-slide-nav-prev\">\n\t\t\t\t\t<a href=\"#\" data-goto=\"previous\" aria-label=\"Previous slide\" data-action=\"prev\">\n\t\t\t\t\t\t<em class=\"sow-sld-icon-thin-left\"><\/em>\n\t\t\t\t\t<\/a>\n\t\t\t\t<\/div>\n\t\t\t\t<\/div><\/div><\/div><\/div><\/div><div id=\"pg-631-1\"  class=\"panel-grid panel-no-style\" ><div id=\"pgc-631-1-0\"  class=\"panel-grid-cell panel-grid-cell-empty\" ><\/div><div id=\"pgc-631-1-1\"  class=\"panel-grid-cell\" ><div id=\"panel-631-1-1-0\" class=\"so-panel widget widget_sow-editor panel-first-child panel-last-child\" data-index=\"1\" ><div\n\t\t\t\n\t\t\tclass=\"so-widget-sow-editor so-widget-sow-editor-base\"\n\t\t\t\n\t\t>\n<div class=\"siteorigin-widget-tinymce textwidget\">\n\t<h1 class=\"h5\" style=\"text-align: center;\">Nuestra direcci\u00f3n <\/h1>\n<p class=\"h5\" style=\"text-align: center;\">Jos\u00e9 sixto Verduzco #83<\/p>\n<p class=\"h5\" style=\"text-align: center;\">Col. El Retiro, 44280<\/p>\n<p class=\"h5\" style=\"text-align: center;\">Guadalajara, Jal.\u00a0 M\u00e9xico<\/p>\n<\/div>\n<\/div><\/div><\/div><div id=\"pgc-631-1-2\"  class=\"panel-grid-cell\" ><div id=\"panel-631-1-2-0\" class=\"so-panel widget widget_sow-editor panel-first-child panel-last-child\" data-index=\"2\" ><div\n\t\t\t\n\t\t\tclass=\"so-widget-sow-editor so-widget-sow-editor-base\"\n\t\t\t\n\t\t>\n<div class=\"siteorigin-widget-tinymce textwidget\">\n\t<h1 class=\"h5\" style=\"text-align: center;\">Ll\u00e1manos<\/h1>\n<p style=\"text-align: center;\">(33) 3613 9948<\/p>\n<p style=\"text-align: center;\">(33) 3126 5760<\/p>\n<p><a href=\"tel:3336139948\"><img decoding=\"async\" class=\"aligncenter\" src=\"http:\/\/www.starline.com.mx\/site\/wp-content\/uploads\/llamanos_ahora_starline.png\" width=\"229\" height=\"40\" \/><\/a><\/p>\n<\/div>\n<\/div><\/div><\/div><div id=\"pgc-631-1-3\"  class=\"panel-grid-cell panel-grid-cell-mobile-last\" ><div id=\"panel-631-1-3-0\" class=\"so-panel widget widget_sow-editor panel-first-child\" data-index=\"3\" ><div class=\"panel-widget-style panel-widget-style-for-631-1-3-0\" ><div\n\t\t\t\n\t\t\tclass=\"so-widget-sow-editor so-widget-sow-editor-base\"\n\t\t\t\n\t\t>\n<div class=\"siteorigin-widget-tinymce textwidget\">\n\t<h1 class=\"h5\" style=\"text-align: center;\"><span style=\"color: #ffffff;\">M\u00e1ndanos un mail<\/span><\/h1>\n<div class=\"js_newsletter-form\">\n<p style=\"text-align: center;\"><a style=\"color: #ffffff;\" href=\"mailto:ventas@starline.com.mx\">ventas@starline.com.mx<\/a><\/p>\n<\/div>\n<\/div>\n<\/div><\/div><\/div><div id=\"panel-631-1-3-1\" class=\"so-panel widget widget_sow-editor panel-last-child\" data-index=\"4\" ><div class=\"panel-widget-style panel-widget-style-for-631-1-3-1\" ><div\n\t\t\t\n\t\t\tclass=\"so-widget-sow-editor so-widget-sow-editor-base\"\n\t\t\t\n\t\t>\n<div class=\"siteorigin-widget-tinymce textwidget\">\n\t<h2 class=\"h5\" style=\"text-align: center;\"><span style=\"color: #ffffff;\">M\u00e1ndanos un whatsapp<\/span><\/h2>\n<div class=\"js_newsletter-form\">\n<p style=\"text-align: center;\"><span style=\"color: #ffffff;\">+52(33)16135262<\/span><\/p>\n<\/div>\n<\/div>\n<\/div><\/div><\/div><\/div><div id=\"pgc-631-1-4\"  class=\"panel-grid-cell panel-grid-cell-empty\" ><\/div><\/div><div id=\"pg-631-2\"  class=\"panel-grid panel-no-style\" ><div id=\"pgc-631-2-0\"  class=\"panel-grid-cell\" ><div id=\"panel-631-2-0-0\" class=\"so-panel widget widget_sow-editor panel-first-child\" data-index=\"5\" ><div\n\t\t\t\n\t\t\tclass=\"so-widget-sow-editor so-widget-sow-editor-base\"\n\t\t\t\n\t\t>\n<div class=\"siteorigin-widget-tinymce textwidget\">\n\t<p style=\"text-align: left;\"><iframe style=\"border: 0;\" src=\"https:\/\/www.google.com\/maps\/embed?pb=!1m18!1m12!1m3!1d2716.6863898722127!2d-103.33744290816475!3d20.685797619429213!2m3!1f0!2f0!3f0!3m2!1i1024!2i768!4f13.1!3m3!1m2!1s0x0%3A0xaf1c5e06f13c2c81!2sStarline+air+compressor%2C+S.A.+de+C.V.!5e0!3m2!1ses-419!2s!4v1493747438940\" width=\"860\" height=\"320\" frameborder=\"0\" allowfullscreen=\"allowfullscreen\"><\/iframe><\/p>\n<\/div>\n<\/div><\/div><div id=\"panel-631-2-0-1\" class=\"so-panel widget widget_sow-contact-form panel-last-child\" data-index=\"6\" ><div\n\t\t\t\n\t\t\tclass=\"so-widget-sow-contact-form so-widget-sow-contact-form-default-6c5624d11079-631\"\n\t\t\t\n\t\t>\t<form\n\t\taction=\"\/site\/wp-json\/wp\/v2\/pages\/631\"\n\t\tmethod=\"POST\"\n\t\tclass=\"sow-contact-form\"\n\t\tid=\"contact-form-d304\"\n\t>\n\n\t\t\n\t\t            <p><em>Campos marcados con * son obligatorios<\/em><\/p>\n\t\t\t\t\t\t<div class=\"sow-form-field sow-form-field-name\">\n\t\t\t\t<label class=\"sow-form-field-label-above\" for=\"sow-contact-form-field-tu-nombre-1\">\n\t\t\t\t<strong>\n\t\t\t\t\tTu nombre\t\t\t\t\t\t\t\t\t\t\t<span class=\"sow-form-field-required\">*<\/span>\n\t\t\t\t\t\t\t\t\t<\/strong>\n\t\t\t<\/label>\n\t\t\t\t\t\t\t<div class=\"sow-field-container\">\n\t\t\t\t\t\t\t<input\n\t\t\ttype=\"text\"\n\t\t\tname=\"tu-nombre-1\"\n\t\t\tid=\"sow-contact-form-field-tu-nombre-1\"\n\t\t\tvalue=\"\"\n\t\t\tclass=\"sow-text-field\"\n\t\t\t\t\t\t\t\t\/>\n\t\t\t\t\t\t<\/div>\n\t\t\t\t\t\t\t<\/div>\n\t\t\t\t\t\t<div class=\"sow-form-field sow-form-field-email\">\n\t\t\t\t<label class=\"sow-form-field-label-above\" for=\"sow-contact-form-field-tu-email-1\">\n\t\t\t\t<strong>\n\t\t\t\t\tTu Email\t\t\t\t\t\t\t\t\t\t\t<span class=\"sow-form-field-required\">*<\/span>\n\t\t\t\t\t\t\t\t\t<\/strong>\n\t\t\t<\/label>\n\t\t\t\t\t\t\t<div class=\"sow-field-container\">\n\t\t\t\t\t\t\t<input\n\t\t\ttype=\"email\"\n\t\t\tname=\"tu-email-1\"\n\t\t\tid=\"sow-contact-form-field-tu-email-1\"\n\t\t\tvalue=\"\"\n\t\t\tclass=\"sow-text-field\"\t\t\t\t\t\t\t\t\/>\n\t\t\t\t\t\t<\/div>\n\t\t\t\t\t\t\t<\/div>\n\t\t\t\t\t\t<div class=\"sow-form-field sow-form-field-subject\">\n\t\t\t\t<label class=\"sow-form-field-label-above\" for=\"sow-contact-form-field-asunto-1\">\n\t\t\t\t<strong>\n\t\t\t\t\tAsunto\t\t\t\t\t\t\t\t\t\t\t<span class=\"sow-form-field-required\">*<\/span>\n\t\t\t\t\t\t\t\t\t<\/strong>\n\t\t\t<\/label>\n\t\t\t\t\t\t\t<div class=\"sow-field-container\">\n\t\t\t\t\t\t\t<input\n\t\t\ttype=\"text\"\n\t\t\tname=\"asunto-1\"\n\t\t\tid=\"sow-contact-form-field-asunto-1\"\n\t\t\tvalue=\"\"\n\t\t\tclass=\"sow-text-field\"\n\t\t\t\t\t\t\t\t\/>\n\t\t\t\t\t\t<\/div>\n\t\t\t\t\t\t\t<\/div>\n\t\t\t\t\t\t<div class=\"sow-form-field sow-form-field-textarea\">\n\t\t\t\t<label class=\"sow-form-field-label-above\" for=\"sow-contact-form-field-mensaje-1\">\n\t\t\t\t<strong>\n\t\t\t\t\tMensaje\t\t\t\t\t\t\t\t\t\t\t<span class=\"sow-form-field-required\">*<\/span>\n\t\t\t\t\t\t\t\t\t<\/strong>\n\t\t\t<\/label>\n\t\t\t\t\t\t\t<div class=\"sow-field-container\">\n\t\t\t\t\t\t\t<textarea\n\t\t\tname=\"mensaje-1\"\n\t\t\tid=\"sow-contact-form-field-mensaje-1\"\n\t\t\trows=\"10\"\n\t\t\t\t\t\t\t\t><\/textarea>\n\t\t\t\t\t\t<\/div>\n\t\t\t\t\t\t\t<\/div>\n\t\t\t\n\t\t\n\t\t<div class=\"sow-submit-wrapper \n\t\tsow-submit-styled\t\t\">\n\n\t\t\t<button\n\t\t\t\ttype=\"submit\"\n\t\t\t\tclass=\"sow-submit\n\t\t\t\t\t\t\t\t\"\n\t\t\t\t\t\t\t>\n\t\t\t\tEnviar\t\t\t<\/button>\n\t\t<\/div>\n\t\t\t\t<input\n\t\t\ttype=\"hidden\"\n\t\t\tname=\"instance_hash-1\"\n\t\t\tvalue=\"d30484eb\"\n\t\t\/>\n\n\t\t<input type=\"hidden\" id=\"_wpnonce\" name=\"_wpnonce\" value=\"94dfffae46\" \/><input type=\"hidden\" name=\"_wp_http_referer\" value=\"\/site\/wp-json\/wp\/v2\/pages\/631\" \/>\t<\/form>\n\t<\/div><\/div><\/div><\/div><\/div>","protected":false},"excerpt":{"rendered":"<p>Nuestra direcci\u00f3n Jos\u00e9 sixto Verduzco #83Col. El Retiro, 44280Guadalajara, Jal.\u00a0 M\u00e9xico Ll\u00e1manos(33) 3613 9948(33) 3126 5760 M\u00e1ndanos un mailventas@starline.com.mx M\u00e1ndanos un whatsapp +52(33)16135262<\/p>\n","protected":false},"author":1,"featured_media":0,"parent":0,"menu_order":0,"comment_status":"open","ping_status":"closed","template":"","meta":{"footnotes":""},"class_list":["post-631","page","type-page","status-publish","hentry"],"_links":{"self":[{"href":"https:\/\/www.starline.com.mx\/site\/wp-json\/wp\/v2\/pages\/631","targetHints":{"allow":["GET"]}}],"collection":[{"href":"https:\/\/www.starline.com.mx\/site\/wp-json\/wp\/v2\/pages"}],"about":[{"href":"https:\/\/www.starline.com.mx\/site\/wp-json\/wp\/v2\/types\/page"}],"author":[{"embeddable":true,"href":"https:\/\/www.starline.com.mx\/site\/wp-json\/wp\/v2\/users\/1"}],"replies":[{"embeddable":true,"href":"https:\/\/www.starline.com.mx\/site\/wp-json\/wp\/v2\/comments?post=631"}],"version-history":[{"count":98,"href":"https:\/\/www.starline.com.mx\/site\/wp-json\/wp\/v2\/pages\/631\/revisions"}],"predecessor-version":[{"id":2793,"href":"https:\/\/www.starline.com.mx\/site\/wp-json\/wp\/v2\/pages\/631\/revisions\/2793"}],"wp:attachment":[{"href":"https:\/\/www.starline.com.mx\/site\/wp-json\/wp\/v2\/media?parent=631"}],"curies":[{"name":"wp","href":"https:\/\/api.w.org\/{rel}","templated":true}]}}