{"id":2538,"date":"2016-12-15T14:30:11","date_gmt":"2016-12-15T20:30:11","guid":{"rendered":"http:\/\/www.starline.com.mx\/site?page_id=2538"},"modified":"2016-12-17T10:01:43","modified_gmt":"2016-12-17T16:01:43","slug":"mantenimiento-valula-de-seguridad","status":"publish","type":"page","link":"https:\/\/www.starline.com.mx\/site\/servicios\/mantenimiento\/mantenimiento-valula-de-seguridad\/","title":{"rendered":"Mantenimiento v\u00e1lula de seguridad"},"content":{"rendered":"<p><font size=\"6\"><\/p>\n<p align=\"justify\">Es importante realizar un adecuado mantenimiento preventivo de las v\u00e1lvulas de seguridad de su compresor, ya que supone la reducci\u00f3n del n\u00famero de paradas de emergencia o de accidentes que puedan suceder por deficiente funcionamiento de estos elementos y la consiguiente rentabilidad y seguridad de la instalaci\u00f3n.<br \/>\n<br \/>\nLas v\u00e1lvulas deben ser inspeccionadas con regularidad para comprobar que est\u00e1n trabajando correctamente, verificar que sus distintos elementos no presentan anomal\u00edas, as\u00ed como eliminar incrustaciones o sustancias extra\u00f1as, que el asiento del disco de cierre este correctamente, y que el muelle no haya perdido sus caracter\u00edsticas. Esto se hace verificando el disparo a la presi\u00f3n del compresor.<br \/>\n<br \/>\nEstas inspecciones, que preventivamente deber\u00edan realizarse mensualmente, es recomendable sustituir la v\u00e1lvula de seguridad por una nueva cada cinco a\u00f1os.<br \/>\n<br \/>\nPor protecci\u00f3n, todo compresor debe de tener una v\u00e1lvula de seguridad. La funci\u00f3n de esta v\u00e1lvula es liberar la presi\u00f3n contenida en el tanque cuando esta sobrepasa los l\u00edmites seguros. Si el compresor no contara con esta v\u00e1lvula o esta v\u00e1lvula se atascara y no funciona, se correr\u00eda el riesgo de explosi\u00f3n del tanque abriendo las posibilidades de causar graves lesiones a los usuarios y da\u00f1os en el entorno.\n<\/p>\n<p><\/font><br \/>\n<font size=\"6\"><\/p>\n<p align=\"justify\">\n<strong>Nunca trabaje su compresor sin que esta v\u00e1lvula de seguridad funcione correctamente.<\/strong><br \/>\n<br \/>\nTodos los compresores STARLINE cuentan con esta v\u00e1lvula, verifique peri\u00f3dicamente que la v\u00e1lvula de seguridad no este atascada tirando de la argolla y liberando aire por un par de segundos como se muestra en la imagen de la derecha. ADVERTENCIA, al liberar el aire se escuchar\u00e1 un gran ruido. En caso de que est\u00e9 atascada, accionar la v\u00e1lvula varias veces hasta lograr que funcione. En caso de que no se desatasque ser\u00e1 necesario sustituir inmediatamente la v\u00e1lvula de seguridad por una nueva.\n<\/p>\n<p><\/font><br \/>\n<a class=\"fb-xfbml-parse-ignore\" target=\"_blank\" href=\"https:\/\/www.facebook.com\/sharer\/sharer.php?u=http%3A%2F%2Fwww.starline.com.mx%2F%3Fpage_id%3D2538&amp;src=sdkpreparse\">Compartir<\/a><br \/>\n<video id=\"gif-mp4\" poster=\"https:\/\/media.giphy.com\/media\/3o7TKRYYu366KNJyBq\/200_s.gif\" style=\"margin:0;padding:0\" autoplay=\"\" loop=\"\" width=\"310\" height=\"310\"><source src=\"https:\/\/media.giphy.com\/media\/3o7TKRYYu366KNJyBq\/giphy.mp4\" type=\"video\/mp4\">Your browser does not support the mp4 video codec.<\/video><br \/>\n<a href=\"www.starline.com.mx\/site\/?cat=63\"><img decoding=\"async\" class=\"\" src=\"www.starline.com.mx\/site\/wp-content\/uploads\/IMG_5347.jpg\" width=\"80\" height=\"80\"><\/a><br \/>\n<a href=\"www.starline.com.mx\/site\/?cat=63\" title=\"\u201dV\u00e1lvulas_de_seguridad_starline\u201d\"><\/p>\n<p align=\"justify\">Visita nuestra secci\u00f3n de v\u00e1lvulas de seguridad<\/p>\n<p><\/a><\/p>\n","protected":false},"excerpt":{"rendered":"<p>Es importante realizar un adecuado mantenimiento preventivo de las v\u00e1lvulas de seguridad de su compresor, ya que supone la reducci\u00f3n del n\u00famero de paradas de emergencia o de accidentes que puedan suceder por deficiente funcionamiento de estos elementos y la consiguiente rentabilidad y seguridad de la instalaci\u00f3n. Las v\u00e1lvulas deben ser inspeccionadas con regularidad para [&hellip;]<\/p>\n","protected":false},"author":1,"featured_media":0,"parent":739,"menu_order":0,"comment_status":"open","ping_status":"closed","template":"","meta":{"footnotes":""},"class_list":["post-2538","page","type-page","status-publish","hentry"],"_links":{"self":[{"href":"https:\/\/www.starline.com.mx\/site\/wp-json\/wp\/v2\/pages\/2538","targetHints":{"allow":["GET"]}}],"collection":[{"href":"https:\/\/www.starline.com.mx\/site\/wp-json\/wp\/v2\/pages"}],"about":[{"href":"https:\/\/www.starline.com.mx\/site\/wp-json\/wp\/v2\/types\/page"}],"author":[{"embeddable":true,"href":"https:\/\/www.starline.com.mx\/site\/wp-json\/wp\/v2\/users\/1"}],"replies":[{"embeddable":true,"href":"https:\/\/www.starline.com.mx\/site\/wp-json\/wp\/v2\/comments?post=2538"}],"version-history":[{"count":14,"href":"https:\/\/www.starline.com.mx\/site\/wp-json\/wp\/v2\/pages\/2538\/revisions"}],"predecessor-version":[{"id":2546,"href":"https:\/\/www.starline.com.mx\/site\/wp-json\/wp\/v2\/pages\/2538\/revisions\/2546"}],"up":[{"embeddable":true,"href":"https:\/\/www.starline.com.mx\/site\/wp-json\/wp\/v2\/pages\/739"}],"wp:attachment":[{"href":"https:\/\/www.starline.com.mx\/site\/wp-json\/wp\/v2\/media?parent=2538"}],"curies":[{"name":"wp","href":"https:\/\/api.w.org\/{rel}","templated":true}]}}