{"id":1989,"date":"2017-03-24T19:07:52","date_gmt":"2017-03-25T01:07:52","guid":{"rendered":"http:\/\/www.starline.com.mx\/site?page_id=1989"},"modified":"2018-03-06T13:01:46","modified_gmt":"2018-03-06T19:01:46","slug":"catalogos","status":"publish","type":"page","link":"https:\/\/www.starline.com.mx\/site\/catalogos\/","title":{"rendered":"Cat\u00e1logos"},"content":{"rendered":"<div id=\"pl-1989\"  class=\"panel-layout\" >\n<div id=\"pg-1989-0\"  class=\"panel-grid panel-has-style\"  data-style=\"{&quot;background_display&quot;:&quot;tile&quot;,&quot;bottom_margin&quot;:&quot;0px&quot;,&quot;row_stretch&quot;:&quot;full-stretched&quot;}\" >\n<div class=\"siteorigin-panels-stretch panel-row-style panel-row-style-for-1989-0\" data-stretch-type=\"full-stretched\" >\n<div id=\"pgc-1989-0-0\"  class=\"panel-grid-cell\"  data-weight=\"1\" >\n<div id=\"panel-1989-0-0-0\" class=\"so-panel widget widget_sow-image panel-first-child panel-last-child\" data-index=\"0\" data-style=\"{&quot;background_display&quot;:&quot;tile&quot;}\" ><div\n\t\t\t\n\t\t\tclass=\"so-widget-sow-image so-widget-sow-image-default-6ec9e3772f75\"\n\t\t\t\n\t\t>\n<div class=\"sow-image-container\">\n\t\t<img fetchpriority=\"high\" \n\tsrc=\"https:\/\/www.starline.com.mx\/site\/wp-content\/uploads\/nuevos-catalogos.jpg\" width=\"1254\" height=\"454\" srcset=\"https:\/\/www.starline.com.mx\/site\/wp-content\/uploads\/nuevos-catalogos.jpg 1254w, https:\/\/www.starline.com.mx\/site\/wp-content\/uploads\/nuevos-catalogos-600x217.jpg 600w, https:\/\/www.starline.com.mx\/site\/wp-content\/uploads\/nuevos-catalogos-300x109.jpg 300w, https:\/\/www.starline.com.mx\/site\/wp-content\/uploads\/nuevos-catalogos-768x278.jpg 768w, https:\/\/www.starline.com.mx\/site\/wp-content\/uploads\/nuevos-catalogos-1024x371.jpg 1024w, https:\/\/www.starline.com.mx\/site\/wp-content\/uploads\/nuevos-catalogos-250x91.jpg 250w\" sizes=\"(max-width: 1254px) 100vw, 1254px\" title=\"nuevos catalogos\" alt=\"\" \t\tclass=\"so-widget-image\"\/>\n\t<\/div>\n\n<\/div><\/div>\n<\/div>\n<\/div>\n<\/div>\n<div id=\"pg-1989-1\"  class=\"panel-grid panel-has-style\"  data-style=\"{&quot;padding&quot;:&quot;35px&quot;,&quot;background&quot;:&quot;#fafafa&quot;,&quot;background_display&quot;:&quot;tile&quot;,&quot;row_stretch&quot;:&quot;full&quot;}\" >\n<div class=\"siteorigin-panels-stretch panel-row-style panel-row-style-for-1989-1\" data-stretch-type=\"full\" >\n<div id=\"pgc-1989-1-0\"  class=\"panel-grid-cell\"  data-weight=\"1\" >\n<div id=\"panel-1989-1-0-0\" class=\"so-panel widget widget_sow-editor panel-first-child panel-last-child\" data-index=\"1\" data-style=\"{&quot;background_display&quot;:&quot;tile&quot;}\" >\n<div class=\"so-widget-sow-editor so-widget-sow-editor-base\">\n<div class=\"siteorigin-widget-tinymce textwidget\">\n<h1 style=\"text-align: center;\">Has click en la imagen y descarga el cat\u00e1logo que desees.<\/h1>\n<h3 style=\"text-align: center;\">\u00bfPrefieres verlos en l\u00ednea? <span style=\"color: #f39c12;\"><a style=\"color: #f39c12;\" href=\"www.starline.com.mx\/site\/?page_id=2647\" target=\"_blank\">Da click aqu\u00ed.<\/a><\/span><\/h3>\n<\/div>\n<\/div>\n<\/div>\n<\/div>\n<\/div>\n<\/div>\n<div id=\"pg-1989-2\"  class=\"panel-grid panel-has-style\"  data-style=\"{&quot;padding&quot;:&quot;25px&quot;,&quot;background_display&quot;:&quot;tile&quot;}\" >\n<div class=\"panel-row-style panel-row-style-for-1989-2\" >\n<div id=\"pgc-1989-2-0\"  class=\"panel-grid-cell\"  data-weight=\"0.25\" >\n<div id=\"panel-1989-2-0-0\" class=\"so-panel widget widget_sow-image panel-first-child\" data-index=\"2\" data-style=\"{&quot;background_display&quot;:&quot;tile&quot;}\" ><div\n\t\t\t\n\t\t\tclass=\"so-widget-sow-image so-widget-sow-image-default-8b5b6f678277\"\n\t\t\t\n\t\t>\n<div class=\"sow-image-container\">\n\t\t\t<a href=\"https:\/\/www.starline.com.mx\/site\/wp-content\/uploads\/CATALOGO-COMPRESORES-STARLINE-MARZO-17.pdf\"\n\t\t\t\t\t>\n\t\t\t<img \n\tsrc=\"https:\/\/www.starline.com.mx\/site\/wp-content\/uploads\/PORTADA-COMPRESORES.png#640x823\" width=\"640\" height=\"823\" title=\"Cat\u00e1logos\" alt=\"\" \t\tclass=\"so-widget-image\"\/>\n\t\t\t<\/a><\/div>\n\n<\/div><\/div>\n<div id=\"panel-1989-2-0-1\" class=\"so-panel widget widget_sow-editor panel-last-child\" data-index=\"3\" data-style=\"{&quot;background_display&quot;:&quot;tile&quot;}\" >\n<div class=\"so-widget-sow-editor so-widget-sow-editor-base\">\n<h3 class=\"widget-title\">                    Cat\u00e1logo de compresores<\/h3>\n<div class=\"siteorigin-widget-tinymce textwidget\">\n<p style=\"text-align: justify;\">En este cat\u00e1logo encontraras nuestros diferentes modelos de compresores, como los el\u00e9ctricos, a gasolina, libres de aceite,\u00a0 de tornillo y motocompresores.<\/p>\n<p><span style=\"color: #f39c12;\"><a style=\"color: #f39c12;\" href=\"www.starline.com.mx\/site\/wp-content\/uploads\/CATALOGO-COMPRESORES-STARLINE-MARZO-17.pdf\">Descargar<\/a><\/span><\/div>\n<\/div>\n<\/div>\n<\/div>\n<div id=\"pgc-1989-2-1\"  class=\"panel-grid-cell\"  data-weight=\"0.25\" >\n<div id=\"panel-1989-2-1-0\" class=\"so-panel widget widget_sow-image panel-first-child\" data-index=\"4\" data-style=\"{&quot;background_display&quot;:&quot;tile&quot;}\" ><div\n\t\t\t\n\t\t\tclass=\"so-widget-sow-image so-widget-sow-image-default-8b5b6f678277\"\n\t\t\t\n\t\t>\n<div class=\"sow-image-container\">\n\t\t\t<a href=\"https:\/\/www.starline.com.mx\/site\/wp-content\/uploads\/CATALOGO-CABEZAL-MOTOR-TANQUQ-MARZO-2017.pdf\"\n\t\t\t\t\t>\n\t\t\t<img \n\tsrc=\"https:\/\/www.starline.com.mx\/site\/wp-content\/uploads\/portada-cabezales-motores-tanques.png#640x823\" width=\"640\" height=\"823\" title=\"Cat\u00e1logos\" alt=\"\" \t\tclass=\"so-widget-image\"\/>\n\t\t\t<\/a><\/div>\n\n<\/div><\/div>\n<div id=\"panel-1989-2-1-1\" class=\"so-panel widget widget_sow-editor panel-last-child\" data-index=\"5\" data-style=\"{&quot;background_display&quot;:&quot;tile&quot;}\" >\n<div class=\"so-widget-sow-editor so-widget-sow-editor-base\">\n<h3 class=\"widget-title\">Cat\u00e1logo de cabezales, motores y tanques<\/h3>\n<div class=\"siteorigin-widget-tinymce textwidget\">\n<p style=\"text-align: justify;\">En este cat\u00e1logo encontraras nuestros diferentes modelos de cabezales y unidades libres de aceite, tambi\u00e9n nuestros motores el\u00e9ctricos y de gasolina, junto a nuestros diferentes dise\u00f1os de tanques.<\/p>\n<p><span style=\"color: #f39c12;\"><a style=\"color: #f39c12;\" href=\"www.starline.com.mx\/site\/wp-content\/uploads\/CATALOGO-CABEZAL-MOTOR-TANQUQ-MARZO-2017.pdf\">Descargar<\/a><\/span><\/div>\n<\/div>\n<\/div>\n<\/div>\n<div id=\"pgc-1989-2-2\"  class=\"panel-grid-cell\"  data-weight=\"0.25\" >\n<div id=\"panel-1989-2-2-0\" class=\"so-panel widget widget_sow-image panel-first-child\" data-index=\"6\" data-style=\"{&quot;background_display&quot;:&quot;tile&quot;}\" ><div\n\t\t\t\n\t\t\tclass=\"so-widget-sow-image so-widget-sow-image-default-8b5b6f678277\"\n\t\t\t\n\t\t>\n<div class=\"sow-image-container\">\n\t\t\t<a href=\"https:\/\/www.starline.com.mx\/site\/wp-content\/uploads\/CATALOGO-PARTES-Y-REFACCIONES-PARA-COMPREASOR-MARZO-2017.pdf\"\n\t\t\t\t\t>\n\t\t\t<img loading=\"lazy\" \n\tsrc=\"https:\/\/www.starline.com.mx\/site\/wp-content\/uploads\/PORTADAPARTES-Y-REFACCIONES-STARLINE-2017.png#640x823\" width=\"640\" height=\"823\" title=\"Cat\u00e1logos\" alt=\"\" \t\tclass=\"so-widget-image\"\/>\n\t\t\t<\/a><\/div>\n\n<\/div><\/div>\n<div id=\"panel-1989-2-2-1\" class=\"so-panel widget widget_sow-editor panel-last-child\" data-index=\"7\" data-style=\"{&quot;background_display&quot;:&quot;tile&quot;}\" >\n<div class=\"so-widget-sow-editor so-widget-sow-editor-base\">\n<h3 class=\"widget-title\">Cat\u00e1logo de partes &amp; refacciones<\/h3>\n<div class=\"siteorigin-widget-tinymce textwidget\">\n<p style=\"text-align: justify;\">En este cat\u00e1logo encontraras toda nuestra gama de partes para compresor, como autom\u00e1ticos, man\u00f3metros, v\u00e1lvulas check, arrancadores, poleas bandas y muchos productos m\u00e1s.<\/p>\n<p><span style=\"color: #f39c12;\"><a style=\"color: #f39c12;\" href=\"www.starline.com.mx\/site\/wp-content\/uploads\/CATALOGO-PARTES-Y-REFACCIONES-PARA-COMPREASOR-MARZO-2017.pdf\">Descargar<\/a><\/span><\/div>\n<\/div>\n<\/div>\n<\/div>\n<div id=\"pgc-1989-2-3\"  class=\"panel-grid-cell\"  data-weight=\"0.25\" >\n<div id=\"panel-1989-2-3-0\" class=\"so-panel widget widget_sow-image panel-first-child\" data-index=\"8\" data-style=\"{&quot;background_display&quot;:&quot;tile&quot;}\" ><div\n\t\t\t\n\t\t\tclass=\"so-widget-sow-image so-widget-sow-image-default-8b5b6f678277\"\n\t\t\t\n\t\t>\n<div class=\"sow-image-container\">\n\t\t\t<a href=\"https:\/\/www.starline.com.mx\/site\/wp-content\/uploads\/CATALOGO-PARTES-CABEZAL-STARLINE-2017.pdf\"\n\t\t\t\t\t>\n\t\t\t<img loading=\"lazy\" \n\tsrc=\"https:\/\/www.starline.com.mx\/site\/wp-content\/uploads\/PORTADA-REFACCIONES-PARA-CABEZAL.png#640x823\" width=\"640\" height=\"823\" title=\"Cat\u00e1logos\" alt=\"\" \t\tclass=\"so-widget-image\"\/>\n\t\t\t<\/a><\/div>\n\n<\/div><\/div>\n<div id=\"panel-1989-2-3-1\" class=\"so-panel widget widget_sow-editor panel-last-child\" data-index=\"9\" data-style=\"{&quot;background_display&quot;:&quot;tile&quot;}\" >\n<div class=\"so-widget-sow-editor so-widget-sow-editor-base\">\n<h3 class=\"widget-title\">Cat\u00e1logo de refacciones para cabezal<\/h3>\n<div class=\"siteorigin-widget-tinymce textwidget\">\n<p style=\"text-align: justify;\">En este cat\u00e1logo encontraras gran parte de las refacciones para los cabezales que tenemos disponibles para ti, que funcionan para los cabezales STARLINE y una gran variedad de marcas m\u00e1s.<\/p>\n<p><span style=\"color: #f39c12;\"><a style=\"color: #f39c12;\" href=\"www.starline.com.mx\/site\/wp-content\/uploads\/CATALOGO-PARTES-CABEZAL-STARLINE-2017.pdf\">Descargar<\/a><\/span><\/div>\n<\/div>\n<\/div>\n<\/div>\n<\/div>\n<\/div>\n<div id=\"pg-1989-3\"  class=\"panel-grid panel-has-style\"  data-style=\"{&quot;padding&quot;:&quot;45px&quot;,&quot;background&quot;:&quot;#333333&quot;,&quot;background_display&quot;:&quot;tile&quot;,&quot;row_stretch&quot;:&quot;full&quot;}\" >\n<div class=\"siteorigin-panels-stretch panel-row-style panel-row-style-for-1989-3\" data-stretch-type=\"full\" >\n<div id=\"pgc-1989-3-0\"  class=\"panel-grid-cell panel-grid-cell-empty\"  data-weight=\"0.33333333333333\" ><\/div>\n<div id=\"pgc-1989-3-1\"  class=\"panel-grid-cell panel-grid-cell-mobile-last\"  data-weight=\"0.33333333333333\" >\n<div id=\"panel-1989-3-1-0\" class=\"so-panel widget widget_sow-headline panel-first-child\" data-index=\"10\" data-style=\"{&quot;background_display&quot;:&quot;tile&quot;}\" ><div\n\t\t\t\n\t\t\tclass=\"so-widget-sow-headline so-widget-sow-headline-default-4682aa4c1a42\"\n\t\t\t\n\t\t><div class=\"sow-headline-container \">\n\t\t\t\t\t\t\t<h1 class=\"sow-headline\">\n\t\t\t\t\t\tCONT\u00c1CTANOS A TRAV\u00c9S DE\t\t\t\t\t\t<\/h1>\n\t\t\t\t\t\t\t\t\t\t\t<div class=\"decoration\">\n\t\t\t\t\t\t<div class=\"decoration-inside\"><\/div>\n\t\t\t\t\t<\/div>\n\t\t\t\t\t<\/div>\n<\/div><\/div>\n<div id=\"panel-1989-3-1-1\" class=\"so-panel widget widget_sow-social-media-buttons panel-last-child\" data-index=\"11\" data-style=\"{&quot;background_display&quot;:&quot;tile&quot;}\" ><div\n\t\t\t\n\t\t\tclass=\"so-widget-sow-social-media-buttons so-widget-sow-social-media-buttons-flat-5d87b9677741\"\n\t\t\t\n\t\t>\n\n<div class=\"social-media-button-container\">\n\t\n\t\t<a \n\t\tclass=\"ow-button-hover sow-social-media-button-facebook-0 sow-social-media-button\" title=\"Starline air compressor, S.A. de C.V. en Facebook\" aria-label=\"Starline air compressor, S.A. de C.V. en Facebook\" target=\"_blank\" rel=\"noopener noreferrer\" href=\"https:\/\/www.facebook.com\/starlineGDL\/\" \t\t>\n\t\t\t<span>\n\t\t\t\t\t\t\t\t<span class=\"sow-icon-fontawesome sow-fab\" data-sow-icon=\"&#xf39e;\"\n\t\t \n\t\taria-hidden=\"true\"><\/span>\t\t\t\t\t\t\t<\/span>\n\t\t<\/a>\n\t\n\t\t<a \n\t\tclass=\"ow-button-hover sow-social-media-button-envelope-0 sow-social-media-button\" title=\"Starline air compressor, S.A. de C.V. en Envelope\" aria-label=\"Starline air compressor, S.A. de C.V. en Envelope\" target=\"_blank\" rel=\"noopener noreferrer\" href=\"mailto:ventas@starline.com.mx\" \t\t>\n\t\t\t<span>\n\t\t\t\t\t\t\t\t<span class=\"sow-icon-fontawesome sow-fas\" data-sow-icon=\"&#xf0e0;\"\n\t\t \n\t\taria-hidden=\"true\"><\/span>\t\t\t\t\t\t\t<\/span>\n\t\t<\/a>\n\t<\/div>\n<\/div><\/div>\n<\/div>\n<div id=\"pgc-1989-3-2\"  class=\"panel-grid-cell panel-grid-cell-empty\"  data-weight=\"0.33333333333333\" ><\/div>\n<\/div>\n<\/div>\n<\/div>\n","protected":false},"excerpt":{"rendered":"<p>Has click en la imagen y descarga el cat\u00e1logo que desees. \u00bfPrefieres verlos en l\u00ednea? Da click aqu\u00ed. Cat\u00e1logo de compresores En este cat\u00e1logo encontraras nuestros diferentes modelos de compresores, como los el\u00e9ctricos, a gasolina, libres de aceite,\u00a0 de tornillo y motocompresores. Descargar Cat\u00e1logo de cabezales, motores y tanques En este cat\u00e1logo encontraras nuestros diferentes [&hellip;]<\/p>\n","protected":false},"author":1,"featured_media":0,"parent":0,"menu_order":0,"comment_status":"closed","ping_status":"closed","template":"","meta":{"footnotes":""},"class_list":["post-1989","page","type-page","status-publish","hentry"],"_links":{"self":[{"href":"https:\/\/www.starline.com.mx\/site\/wp-json\/wp\/v2\/pages\/1989","targetHints":{"allow":["GET"]}}],"collection":[{"href":"https:\/\/www.starline.com.mx\/site\/wp-json\/wp\/v2\/pages"}],"about":[{"href":"https:\/\/www.starline.com.mx\/site\/wp-json\/wp\/v2\/types\/page"}],"author":[{"embeddable":true,"href":"https:\/\/www.starline.com.mx\/site\/wp-json\/wp\/v2\/users\/1"}],"replies":[{"embeddable":true,"href":"https:\/\/www.starline.com.mx\/site\/wp-json\/wp\/v2\/comments?post=1989"}],"version-history":[{"count":16,"href":"https:\/\/www.starline.com.mx\/site\/wp-json\/wp\/v2\/pages\/1989\/revisions"}],"predecessor-version":[{"id":3122,"href":"https:\/\/www.starline.com.mx\/site\/wp-json\/wp\/v2\/pages\/1989\/revisions\/3122"}],"wp:attachment":[{"href":"https:\/\/www.starline.com.mx\/site\/wp-json\/wp\/v2\/media?parent=1989"}],"curies":[{"name":"wp","href":"https:\/\/api.w.org\/{rel}","templated":true}]}}