{"id":165,"date":"2012-03-15T19:47:33","date_gmt":"2012-03-15T19:47:33","guid":{"rendered":"http:\/\/www.starline.com.mx\/site?page_id=165"},"modified":"2017-11-22T14:34:50","modified_gmt":"2017-11-22T20:34:50","slug":"terminos-de-garantia","status":"publish","type":"page","link":"https:\/\/www.starline.com.mx\/site\/empresa\/terminos-de-garantia\/","title":{"rendered":"T\u00e9rminos de Garant\u00eda"},"content":{"rendered":"<p style=\"text-align: center;\"><img fetchpriority=\"high\" decoding=\"async\" class=\"aligncenter wp-image-1941\" title=\"Garantia starline\" src=\"www.starline.com.mx\/site\/wp-content\/uploads\/2012\/03\/Garantia-starline1.png\" alt=\"\" width=\"888\" height=\"150\" srcset=\"https:\/\/www.starline.com.mx\/site\/wp-content\/uploads\/2012\/03\/Garantia-starline1.png 1388w, https:\/\/www.starline.com.mx\/site\/wp-content\/uploads\/2012\/03\/Garantia-starline1-600x102.png 600w, https:\/\/www.starline.com.mx\/site\/wp-content\/uploads\/2012\/03\/Garantia-starline1-300x51.png 300w, https:\/\/www.starline.com.mx\/site\/wp-content\/uploads\/2012\/03\/Garantia-starline1-1024x174.png 1024w\" sizes=\"(max-width: 888px) 100vw, 888px\" \/><\/p>\n<p align=\"center\"><strong>La garant\u00eda es de 12 meses y relativa a fallos de material y fabricaci\u00f3n.<\/strong><\/p>\n<p align=\"center\">\n<p align=\"justify\">Todos los compresores STARLINE se prueban antes de abandonar la f\u00e1brica y se garantiza que no presentan desperfectos ni en el material ni de mano de obra. En el plazo de 12 meses a partir de la fecha de compra, STARLINE reparara o reemplazara (a discreci\u00f3n de STARLINE), sin cargo alguno, cualquier compresor cuyo examen determine que presenta defectos de material o de mano de obra. Devuelva el compresor, con gastos de env\u00edos pre pagado (los gastos de envi\u00f3 por garant\u00eda corren por cuenta del comprador), bit\u00e1cora de mantenimiento debidamente llenada<span style=\"color: #003366;\"><a style=\"color: #003366;\" href=\"www.starline.com.mx\/site\/?page_id=2848\"> (Ejemplo de formato impreso en su manual de usuario<\/a>)<\/span> y una copia de la factura de compra u otro tipo de comprobante de compra a una sucursal de reparaciones\/venta de la f\u00e1brica STARLINE o a un centro de reparaciones autorizado por STARLINE. Esta garant\u00eda no cubre los da\u00f1os ocasionados por reparaciones o intentos de reparaci\u00f3n por parte de personal no autorizado por STARLINE, abuso, desgaste, deterioro normal, falta de mantenimiento o accidentes, mal uso, instalaci\u00f3n inadecuada, conexi\u00f3n el\u00e9ctrica incorrecta y da\u00f1os en partes el\u00e9ctricas por fallas en la electricidad.<\/p>\n<p align=\"justify\">LOS DERECHOS A REPARACI\u00d3N Y REEMPLAZO DESCRITOS EN EL PRESENTE DOCUMENTO SON EXCLUSIVOS. <em>STARLINE <\/em>NO SER\u00c1 EN NING\u00daN CASO RESPONSABLE DE DA\u00d1OS INCIDENTALES, ESPECIALES O CONSECUENTES, INCLUYENDO LA P\u00c9RDIDA DE GANANCIAS.<\/p>\n<p align=\"justify\">ESTA GARANT\u00cdA ES EXCLUSIVA Y SUSTITUYE A TODA OTRA GARANT\u00cdA, O CONDICIONES, ESCRITAS U ORALES, EXPRESAS O IMPL\u00cdCITAS DE COMERCIALIZACI\u00d3N O IDONEIDAD PARA USO O FIN DETERMINADO.<\/p>\n<p>&nbsp;<\/p>\n<p>&nbsp;<\/p>\n<p>&nbsp;<\/p>\n<p align=\"right\">Ultima modificaci\u00f3n: 01 de diciembre de 2016<\/p>\n","protected":false},"excerpt":{"rendered":"<p>La garant\u00eda es de 12 meses y relativa a fallos de material y fabricaci\u00f3n. Todos los compresores STARLINE se prueban antes de abandonar la f\u00e1brica y se garantiza que no presentan desperfectos ni en el material ni de mano de obra. En el plazo de 12 meses a partir de la fecha de compra, STARLINE [&hellip;]<\/p>\n","protected":false},"author":1,"featured_media":0,"parent":159,"menu_order":3,"comment_status":"open","ping_status":"open","template":"","meta":{"footnotes":""},"class_list":["post-165","page","type-page","status-publish","hentry"],"_links":{"self":[{"href":"https:\/\/www.starline.com.mx\/site\/wp-json\/wp\/v2\/pages\/165","targetHints":{"allow":["GET"]}}],"collection":[{"href":"https:\/\/www.starline.com.mx\/site\/wp-json\/wp\/v2\/pages"}],"about":[{"href":"https:\/\/www.starline.com.mx\/site\/wp-json\/wp\/v2\/types\/page"}],"author":[{"embeddable":true,"href":"https:\/\/www.starline.com.mx\/site\/wp-json\/wp\/v2\/users\/1"}],"replies":[{"embeddable":true,"href":"https:\/\/www.starline.com.mx\/site\/wp-json\/wp\/v2\/comments?post=165"}],"version-history":[{"count":19,"href":"https:\/\/www.starline.com.mx\/site\/wp-json\/wp\/v2\/pages\/165\/revisions"}],"predecessor-version":[{"id":3052,"href":"https:\/\/www.starline.com.mx\/site\/wp-json\/wp\/v2\/pages\/165\/revisions\/3052"}],"up":[{"embeddable":true,"href":"https:\/\/www.starline.com.mx\/site\/wp-json\/wp\/v2\/pages\/159"}],"wp:attachment":[{"href":"https:\/\/www.starline.com.mx\/site\/wp-json\/wp\/v2\/media?parent=165"}],"curies":[{"name":"wp","href":"https:\/\/api.w.org\/{rel}","templated":true}]}}