{"id":1628,"date":"2013-07-11T18:25:49","date_gmt":"2013-07-11T23:25:49","guid":{"rendered":"http:\/\/www.starline.com.mx\/site?page_id=1628"},"modified":"2013-07-18T11:01:50","modified_gmt":"2013-07-18T16:01:50","slug":"puntos-de-venta-nayarit","status":"publish","type":"page","link":"https:\/\/www.starline.com.mx\/site\/333-2\/puntos-de-venta-nayarit\/","title":{"rendered":"Nayarit"},"content":{"rendered":"<h3><iframe src=\"https:\/\/maps.google.com.mx\/maps?client=firefox-a&amp;ie=UTF8&amp;q=bombas+y+motosierras+de+ixtlan&amp;fb=1&amp;gl=mx&amp;hq=bombas+y+motosierras+de+ixtlan&amp;cid=0,0,12042557826779839290&amp;t=m&amp;ll=21.496319,-104.874759&amp;spn=0.011979,0.012875&amp;z=15&amp;iwloc=A&amp;output=embed\" frameborder=\"0\" marginwidth=\"0\" marginheight=\"0\" scrolling=\"no\" align=\"right\" width=\"425\" height=\"302\"><\/iframe><\/h3>\n<h3><img decoding=\"async\" class=\"aligncenter\" src=\"https:\/\/fbcdn-sphotos-c-a.akamaihd.net\/hphotos-ak-ash3\/942002_138418396354672_1147067318_n.png\" alt=\"\" width=\"223\" height=\"140\" \/><\/h3>\n<h3><span style=\"color: #0000ff;\">Bombas y motosierras de Ixtl\u00e1n<br \/>\n<\/span><\/h3>\n<p><strong>Contacto:<\/strong> Ismael Robles<br \/>\n<strong>Direcci\u00f3n:<\/strong> Miguel Hidalgo #166, Col. Centro<br \/>\n<strong>Ciudad: <\/strong>Ixtl\u00e1n del R\u00edo<br \/>\n<strong>Tel\u00e9fono:<\/strong> 01 (324) 243 6313<br \/>\n<strong>Correo electrot\u00e9cnico:<\/strong> <a href=\"mailto:ismael_bombasixtlan@hotmail.com\">ismael_bombasixtlan@hotmail.com<\/a><\/p>\n<p>&nbsp;<\/p>\n<p>&nbsp;<\/p>\n","protected":false},"excerpt":{"rendered":"<p>Bombas y motosierras de Ixtl\u00e1n Contacto: Ismael Robles Direcci\u00f3n: Miguel Hidalgo #166, Col. Centro Ciudad: Ixtl\u00e1n del R\u00edo Tel\u00e9fono: 01 (324) 243 6313 Correo electrot\u00e9cnico: ismael_bombasixtlan@hotmail.com &nbsp; &nbsp;<\/p>\n","protected":false},"author":1,"featured_media":0,"parent":1604,"menu_order":7,"comment_status":"open","ping_status":"closed","template":"","meta":{"footnotes":""},"class_list":["post-1628","page","type-page","status-publish","hentry"],"_links":{"self":[{"href":"https:\/\/www.starline.com.mx\/site\/wp-json\/wp\/v2\/pages\/1628","targetHints":{"allow":["GET"]}}],"collection":[{"href":"https:\/\/www.starline.com.mx\/site\/wp-json\/wp\/v2\/pages"}],"about":[{"href":"https:\/\/www.starline.com.mx\/site\/wp-json\/wp\/v2\/types\/page"}],"author":[{"embeddable":true,"href":"https:\/\/www.starline.com.mx\/site\/wp-json\/wp\/v2\/users\/1"}],"replies":[{"embeddable":true,"href":"https:\/\/www.starline.com.mx\/site\/wp-json\/wp\/v2\/comments?post=1628"}],"version-history":[{"count":9,"href":"https:\/\/www.starline.com.mx\/site\/wp-json\/wp\/v2\/pages\/1628\/revisions"}],"predecessor-version":[{"id":1637,"href":"https:\/\/www.starline.com.mx\/site\/wp-json\/wp\/v2\/pages\/1628\/revisions\/1637"}],"up":[{"embeddable":true,"href":"https:\/\/www.starline.com.mx\/site\/wp-json\/wp\/v2\/pages\/1604"}],"wp:attachment":[{"href":"https:\/\/www.starline.com.mx\/site\/wp-json\/wp\/v2\/media?parent=1628"}],"curies":[{"name":"wp","href":"https:\/\/api.w.org\/{rel}","templated":true}]}}