{"id":1587,"date":"2013-07-11T09:37:14","date_gmt":"2013-07-11T14:37:14","guid":{"rendered":"http:\/\/www.starline.com.mx\/site?page_id=1587"},"modified":"2013-07-18T17:55:22","modified_gmt":"2013-07-18T22:55:22","slug":"aviso-de-privacidad","status":"publish","type":"page","link":"https:\/\/www.starline.com.mx\/site\/empresa\/aviso-de-privacidad\/","title":{"rendered":"Aviso de privacidad"},"content":{"rendered":"<p><img fetchpriority=\"high\" decoding=\"async\" class=\"aligncenter  wp-image-1933\" title=\"aviso de privacidad starline\" src=\"www.starline.com.mx\/site\/wp-content\/uploads\/2012\/03\/aviso-de-privacidad-starline.png\" alt=\"\" width=\"888\" height=\"150\" srcset=\"https:\/\/www.starline.com.mx\/site\/wp-content\/uploads\/2012\/03\/aviso-de-privacidad-starline.png 1388w, https:\/\/www.starline.com.mx\/site\/wp-content\/uploads\/2012\/03\/aviso-de-privacidad-starline-600x102.png 600w, https:\/\/www.starline.com.mx\/site\/wp-content\/uploads\/2012\/03\/aviso-de-privacidad-starline-300x51.png 300w, https:\/\/www.starline.com.mx\/site\/wp-content\/uploads\/2012\/03\/aviso-de-privacidad-starline-1024x174.png 1024w\" sizes=\"(max-width: 888px) 100vw, 888px\" \/><\/p>\n<p>Descargue el aviso de privacidad <span style=\"color: #3366ff;\"><a href=\"www.starline.com.mx\/site\/wp-content\/uploads\/2013\/07\/AVISO-DE-PRIVACIDAD.pdf\" target=\"_blank\"><span style=\"color: #3366ff;\">AQU\u00cd<\/span><\/a><\/span><\/p>\n<h1 style=\"text-align: center;\" align=\"center\">AVISO DE PRIVACIDAD<\/h1>\n<p style=\"text-align: justify;\">De acuerdo a lo Previsto en la \u201cLey Federal de Protecci\u00f3n de Datos Personales\u201d, declara <strong>Starline air compresor, S.A. DE C.V. (STARLINE)<\/strong>, ser una empresa legalmente constituida de conformidad con las leyes mexicanas, con domicilio en Jos\u00e9 Sixto Verduzco n\u00famero 83, colonia el retiro, C.P. 14300, Guadalajara, Jalisco, M\u00e9xico; y como responsable del tratamiento de sus datos personales, hace de su conocimiento que la informaci\u00f3n de nuestros clientes es tratada de forma estrictamente confidencial por lo que al proporcionar sus datos personales, <strong>tales como:<\/strong><\/p>\n<ol style=\"text-align: justify;\">\n<li><strong>\u00a0<\/strong><strong>Nombre Completo. <\/strong><\/li>\n<li><strong>\u00a0<\/strong><strong>Direcci\u00f3n. <\/strong><\/li>\n<li><strong>\u00a0<\/strong><strong>Registro Federal de Contribuyentes. <\/strong><\/li>\n<li><strong>\u00a0<\/strong><strong>Tel\u00e9fonos de Hogar, Oficina y m\u00f3viles<\/strong><\/li>\n<li><strong>\u00a0<\/strong><strong>Correo Electr\u00f3nico. <\/strong><\/li>\n<\/ol>\n<p style=\"text-align: justify;\">Estos ser\u00e1n utilizados \u00fanica y exclusivamente para los siguientes fines:<\/p>\n<ol style=\"text-align: justify;\">\n<li><strong><\/strong><strong>Campa\u00f1as de Publicidad. <\/strong><\/li>\n<li><strong>Campa\u00f1as de Fidelidad. <\/strong><\/li>\n<li><strong>Informaci\u00f3n y Prestaci\u00f3n de Servicios. <\/strong><\/li>\n<li><strong>Actualizaci\u00f3n de la Base de Datos. <\/strong><\/li>\n<li><strong>Cualquier finalidad an\u00e1loga o compatible con las anteriores. <\/strong><\/li>\n<\/ol>\n<p style=\"text-align: justify;\">En el caso de Datos sensibles, tales como:<\/p>\n<ol style=\"text-align: justify;\">\n<li><strong>Datos Financieros (Ingresos, Estados de Cuenta, y dem\u00e1s relacionados) <\/strong><\/li>\n<li><strong>Datos Patrimoniales (Bienes Materiales, Inmuebles, y dem\u00e1s relacionados) <\/strong><\/li>\n<li><strong>Datos Personales (C\u00f3nyuge, Estado Civil, Nacionalidad, Educaci\u00f3n, Hijos, y dem\u00e1s relacionados).<\/strong><\/li>\n<li><strong>Referencias familiares y no familiares (Nombre, Direcci\u00f3n, Tel\u00e9fono, relaci\u00f3n, etc.). <\/strong><\/li>\n<\/ol>\n<p style=\"text-align: justify;\">Estos ser\u00e1n utilizados \u00fanica y exclusivamente para los siguientes fines:<\/p>\n<ol style=\"text-align: justify;\">\n<li><strong>Investigaci\u00f3n y\/u Obtenci\u00f3n de Cr\u00e9dito. <\/strong><\/li>\n<li><strong>Cualquier finalidad an\u00e1loga o compatible con la anterior.<\/strong><\/li>\n<\/ol>\n<p style=\"text-align: justify;\">Para prevenir el acceso no autorizado a sus datos personales y con el fin de asegurar que la informaci\u00f3n sea utilizada para los fines establecidos en este aviso de privacidad, hemos establecido diversos procedimientos con la finalidad de evitar el uso o divulgaci\u00f3n no autorizados de sus datos, permiti\u00e9ndonos tratarlos debidamente.<\/p>\n<p style=\"text-align: justify;\">As\u00ed mismo, le informamos que sus datos personales pueden ser Transmitidos para ser tratados por personas distintas a esta empresa.<\/p>\n<p style=\"text-align: justify;\">Todos sus datos personales son tratados de acuerdo a la legislaci\u00f3n aplicable y vigente en el pa\u00eds, por ello le informamos que usted tiene en todo momento los derechos (ARCO) de acceder, rectificar, cancelar u oponerse al tratamiento que le damos a sus datos personales; derecho que podr\u00e1 hacer valer a trav\u00e9s del \u00c1rea de Privacidad encargada de la seguridad de datos personales en el tel\u00e9fono (33) 3126 5760 o por medio de su correo electr\u00f3nico: <a href=\"mailto:privacidad@starline.com.mx\">privacidad@starline.com.mx<\/a>\u00a0 .<\/p>\n<p style=\"text-align: justify;\">A trav\u00e9s de estos canales usted podr\u00e1 actualizar sus datos y especificar el medio por el cual desea recibir informaci\u00f3n, ya que en caso de no contar con esta especificaci\u00f3n de su parte, <strong>Starline air compresor, S.A. DE C.V. <\/strong>\u00a0Establecer\u00e1 libremente el canal que considere pertinente para enviarle informaci\u00f3n.<\/p>\n<p style=\"text-align: justify;\">Este aviso de privacidad podr\u00e1 ser modificado por <strong>Starline air compresor, S.A. DE C.V.<\/strong>, dichas modificaciones ser\u00e1n oportunamente informadas a trav\u00e9s de correo electr\u00f3nico, tel\u00e9fono, o cualquier otro medio de comunicaci\u00f3n que <strong>Starline air compresor, S.A. DE C.V. <\/strong>determine para tal efecto.<\/p>\n<p align=\"center\"><strong>ATENTAMENTE<\/strong><\/p>\n<p align=\"center\"><strong><em>STARLINE air compressor, S.A. de C.V<\/em><\/strong><strong><em>.<\/em><\/strong><\/p>\n","protected":false},"excerpt":{"rendered":"<p>Descargue el aviso de privacidad AQU\u00cd AVISO DE PRIVACIDAD De acuerdo a lo Previsto en la \u201cLey Federal de Protecci\u00f3n de Datos Personales\u201d, declara Starline air compresor, S.A. DE C.V. (STARLINE), ser una empresa legalmente constituida de conformidad con las leyes mexicanas, con domicilio en Jos\u00e9 Sixto Verduzco n\u00famero 83, colonia el retiro, C.P. 14300, [&hellip;]<\/p>\n","protected":false},"author":1,"featured_media":0,"parent":159,"menu_order":4,"comment_status":"open","ping_status":"open","template":"","meta":{"footnotes":""},"class_list":["post-1587","page","type-page","status-publish","hentry"],"_links":{"self":[{"href":"https:\/\/www.starline.com.mx\/site\/wp-json\/wp\/v2\/pages\/1587"}],"collection":[{"href":"https:\/\/www.starline.com.mx\/site\/wp-json\/wp\/v2\/pages"}],"about":[{"href":"https:\/\/www.starline.com.mx\/site\/wp-json\/wp\/v2\/types\/page"}],"author":[{"embeddable":true,"href":"https:\/\/www.starline.com.mx\/site\/wp-json\/wp\/v2\/users\/1"}],"replies":[{"embeddable":true,"href":"https:\/\/www.starline.com.mx\/site\/wp-json\/wp\/v2\/comments?post=1587"}],"version-history":[{"count":6,"href":"https:\/\/www.starline.com.mx\/site\/wp-json\/wp\/v2\/pages\/1587\/revisions"}],"predecessor-version":[{"id":1952,"href":"https:\/\/www.starline.com.mx\/site\/wp-json\/wp\/v2\/pages\/1587\/revisions\/1952"}],"up":[{"embeddable":true,"href":"https:\/\/www.starline.com.mx\/site\/wp-json\/wp\/v2\/pages\/159"}],"wp:attachment":[{"href":"https:\/\/www.starline.com.mx\/site\/wp-json\/wp\/v2\/media?parent=1587"}],"curies":[{"name":"wp","href":"https:\/\/api.w.org\/{rel}","templated":true}]}}